{"id":564,"date":"2022-01-14T22:21:40","date_gmt":"2022-01-14T22:21:40","guid":{"rendered":"https:\/\/vvwlaw.com\/acerca-de-juana-valdez\/"},"modified":"2024-09-23T19:52:40","modified_gmt":"2024-09-23T19:52:40","slug":"acerca-de-giovanna-valdez","status":"publish","type":"page","link":"https:\/\/vvwlaw.com\/es\/acerca-de-giovanna-valdez\/","title":{"rendered":"Acerca de Giovanna Valdez"},"content":{"rendered":"<p>[et_pb_section fb_built=\u00bb1&#8243; admin_label=\u00bbGiovanna\u00bb module_id=\u00bbjumptogv\u00bb _builder_version=\u00bb4.16&#8243; custom_padding=\u00bb0|0px|28px|0|false|false\u00bb global_colors_info=\u00bb{}\u00bb][et_pb_row column_structure=\u00bb1_4,3_4&#8243; admin_label=\u00bbFila G\u00bb module_id=\u00bbjumptogv\u00bb _builder_version=\u00bb4.16&#8243; custom_padding=\u00bb62px|0px|28.1875px|0px|false|false\u00bb global_colors_info=\u00bb{}\u00bb][et_pb_column type=\u00bb1_4&#8243; _builder_version=\u00bb4.16&#8243; custom_padding=\u00bb|||\u00bb global_colors_info=\u00bb{}\u00bb custom_padding__hover=\u00bb|||\u00bb][et_pb_team_member name=\u00bbGiovanna Valdez\u00bb position=\u00bbSocio Fundador | Abogado \u00bb image_url=\u00bbhttps:\/\/vvwlaw.com\/wp-content\/uploads\/2024\/09\/Giovanna-Giovanna-Bio-Picture-Custom.jpg\u00bb _builder_version=\u00bb4.27.0&#8243; header_font=\u00bb|600|||||||\u00bb header_text_align=\u00bbcenter\u00bb header_text_color=\u00bb#262626&#8243; header_font_size=\u00bb17px\u00bb body_font=\u00bb||||||||\u00bb body_text_align=\u00bbcenter\u00bb body_text_color=\u00bb#333333&#8243; body_font_size=\u00bb15px\u00bb module_alignment=\u00bbcenter\u00bb custom_margin=\u00bb|||\u00bb custom_padding=\u00bb7px|||\u00bb hover_enabled=\u00bb0&#8243; global_colors_info=\u00bb{}\u00bb alt=\u00bbGiovanna Valdez\u00bb title_text=\u00bbGiovanna Valdez Bio Photo\u00bb sticky_enabled=\u00bb0&#8243;][\/et_pb_team_member][et_pb_text _builder_version=\u00bb4.16&#8243; custom_margin=\u00bb-25px|||\u00bb custom_padding=\u00bb0px|||\u00bb global_colors_info=\u00bb{}\u00bb]<\/p>\n<p style=\"text-align: center;\"><a href=\"mailto:gvaldez@vvwlaw.com\">gvaldez@vvwlaw.com<\/a><\/p>\n<p>[\/et_pb_text][et_pb_code _builder_version=\u00bb4.27.0&#8243; _module_preset=\u00bbdefault\u00bb hover_enabled=\u00bb0&#8243; global_colors_info=\u00bb{}\u00bb sticky_enabled=\u00bb0&#8243; text_orientation=\u00bbcenter\u00bb]<!-- begin super lawyers badge --><!-- [et_pb_line_break_holder] --><\/p>\n<div data-slbadge=\"v1-rsbadge-green\" style=\"width:180px;height:150px;border-radius:12px;font-family:arial, sans-serif;color:gray;text-align:center\"><script async=\"\" type=\"text\/javascript\" src=\"https:\/\/www.superlawyers.com\/static\/sl-badge\/v1\/load.min.js\"><\/script><a class=\"slbadge_profileurl\" title=\"Ver el perfil de la Abogada de Inmigraci\u00f3n de Illinois Giovanna Valdez\" href=\"https:\/\/profiles.superlawyers.com\/illinois\/chicago\/lawyer\/giovanna-valdez\/75e5719b-fabe-4f5a-b7a6-dfa2bdf068f5.html?utm_source=75e5719b-fabe-4f5a-b7a6-dfa2bdf068f5&amp;utm_campaign=v1-rsbadge-green&amp;utm_content=profile\">Giovanna Valdez<\/a><\/p>\n<div style=\"margin-top:6px\">Calificado por Super Lawyers<!\u2013- [et_pb_br_holder] -\u2013><!\u2013- [et_pb_br_holder] -\u2013><!\u2013- [et_pb_br_holder] -\u2013>carga &#8230;<\/div>\n<\/div>\n<p><!-- [et_pb_line_break_holder] --><!-- end super lawyers badge -->[\/et_pb_code][\/et_pb_column][et_pb_column type=\u00bb3_4&#8243; _builder_version=\u00bb4.16&#8243; custom_padding=\u00bb|||\u00bb global_colors_info=\u00bb{}\u00bb custom_padding__hover=\u00bb|||\u00bb][et_pb_text _builder_version=\u00bb4.27.0&#8243; hover_enabled=\u00bb0&#8243; global_colors_info=\u00bb{}\u00bb sticky_enabled=\u00bb0&#8243;]<\/p>\n<p><strong>Giovanna Valdez<\/strong> es orgullosamente una mexicano-americana de primera generaci\u00f3n criada por padres mexicanos indocumentados.<br \/>\nLa Sra. Valdez creci\u00f3 en los suburbios de Lake County Illinois y sigue criando all\u00ed a su familia.<br \/>\nLa Sra. Valdez creci\u00f3 trabajando en la tienda de ultramarinos mexicana de su familia y haciendo viajes de verano anuales a M\u00e9xico con la familia ampliada.<br \/>\nSu profunda conexi\u00f3n con su herencia mexicana y su exposici\u00f3n a la resistencia de los inmigrantes, es lo que la impuls\u00f3 a elegir una carrera en derecho de inmigraci\u00f3n.<br \/>\nSu intenci\u00f3n es dar voz a la comunidad inmigrante y capacitarla para prosperar en este pa\u00eds.    <\/p>\n<p>La Sra. Valdez es socia fundadora de Valdez &amp; Vilim, LLP y de su anterior bufete, Valdez Vilim &amp; Wunrow, LLP. Su pr\u00e1ctica se centra en el \u00e1rea de derecho de inmigraci\u00f3n y nacionalidad, incluyendo la inmigraci\u00f3n basada en la familia, la inmigraci\u00f3n humanitaria (asilo, VAWA, Visas U, Visas T y SIJS), la naturalizaci\u00f3n, las apelaciones de inmigraci\u00f3n y la defensa de la expulsi\u00f3n. Representa a clientes con casos ante el Departamento de Seguridad Nacional, el Departamento de Estado y el Departamento de Justicia. Fue seleccionada para la Lista de Estrellas Emergentes de Illinois de 2019, 2020, 2021, 2022, 2023 y 2024 por Super Lawyers.<\/p>\n<p>La Sra. Valdez es miembro de la Asociaci\u00f3n Americana de Abogados de Inmigraci\u00f3n (AILA), donde ha formado parte de comit\u00e9s y ha intervenido en conferencias locales y nacionales.<br \/>\nEn la actualidad, la Sra. Valdez forma parte de la junta directiva de Latinos Progresando, una organizaci\u00f3n sin \u00e1nimo de lucro centrada en los inmigrantes de Chicago. <\/p>\n<p>Antes de cofundar Valdez &amp; Vilim, la Sra. Valdez ejerci\u00f3 la ley de inmigraci\u00f3n en una firma privada en Chicago durante 5 a\u00f1os. La Sra. Valdez recibi\u00f3 su licenciatura en marketing con una concentraci\u00f3n en ventas profesionales de la Universidad de Bradley en Peoria, Illinois. Obtuvo su doctorado en derecho en la Facultad de Derecho de la Universidad DePaul con un certificado en Derecho de Inter\u00e9s P\u00fablico. La Sra. Valdez habla espa\u00f1ol con fluidez y est\u00e1 autorizada para ejercer la abogac\u00eda en Illinois.<\/p>\n<p>[\/et_pb_text][\/et_pb_column][\/et_pb_row][\/et_pb_section]<\/p>\n","protected":false},"excerpt":{"rendered":"<p>Giovanna Valdez es socia fundadora de Valdez &amp; Vilim, LLP y de su anterior firma, Valdez Vilim &amp; Wunrow, LLP.<\/p>\n","protected":false},"author":1,"featured_media":557,"parent":0,"menu_order":0,"comment_status":"closed","ping_status":"closed","template":"","meta":{"_et_pb_use_builder":"on","_et_pb_old_content":"","_et_gb_content_width":"","_exactmetrics_skip_tracking":false,"_exactmetrics_sitenote_active":false,"_exactmetrics_sitenote_note":"","_exactmetrics_sitenote_category":0,"footnotes":""},"class_list":["post-564","page","type-page","status-publish","has-post-thumbnail","hentry"],"_links":{"self":[{"href":"https:\/\/vvwlaw.com\/es\/wp-json\/wp\/v2\/pages\/564","targetHints":{"allow":["GET"]}}],"collection":[{"href":"https:\/\/vvwlaw.com\/es\/wp-json\/wp\/v2\/pages"}],"about":[{"href":"https:\/\/vvwlaw.com\/es\/wp-json\/wp\/v2\/types\/page"}],"author":[{"embeddable":true,"href":"https:\/\/vvwlaw.com\/es\/wp-json\/wp\/v2\/users\/1"}],"replies":[{"embeddable":true,"href":"https:\/\/vvwlaw.com\/es\/wp-json\/wp\/v2\/comments?post=564"}],"version-history":[{"count":24,"href":"https:\/\/vvwlaw.com\/es\/wp-json\/wp\/v2\/pages\/564\/revisions"}],"predecessor-version":[{"id":893,"href":"https:\/\/vvwlaw.com\/es\/wp-json\/wp\/v2\/pages\/564\/revisions\/893"}],"wp:featuredmedia":[{"embeddable":true,"href":"https:\/\/vvwlaw.com\/es\/wp-json\/wp\/v2\/media\/557"}],"wp:attachment":[{"href":"https:\/\/vvwlaw.com\/es\/wp-json\/wp\/v2\/media?parent=564"}],"curies":[{"name":"wp","href":"https:\/\/api.w.org\/{rel}","templated":true}]}}