{"id":576,"date":"2017-12-27T01:28:38","date_gmt":"2017-12-27T01:28:38","guid":{"rendered":"https:\/\/vvwlaw.com\/casa\/"},"modified":"2022-05-09T19:29:45","modified_gmt":"2022-05-09T19:29:45","slug":"casa","status":"publish","type":"page","link":"https:\/\/vvwlaw.com\/es\/","title":{"rendered":"Casa"},"content":{"rendered":"<p>[et_pb_section fb_built=\u00bb1&#8243; admin_label=\u00bbMain image overlay\u00bb _builder_version=\u00bb3.22&#8243; use_background_color_gradient=\u00bbon\u00bb background_color_gradient_start=\u00bbrgba(12,12,12,0.85)\u00bb background_color_gradient_end=\u00bbrgba(17,17,17,0.9)\u00bb background_color_gradient_overlays_image=\u00bbon\u00bb background_image=\u00bbhttps:\/\/vvwlaw.com\/wp-content\/uploads\/2017\/12\/vvw7.jpg\u00bb custom_padding=\u00bb61px|0px|85px|0px\u00bb global_colors_info=\u00bb{}\u00bb][et_pb_row _builder_version=\u00bb3.25&#8243; background_size=\u00bbinitial\u00bb background_position=\u00bbtop_left\u00bb background_repeat=\u00bbrepeat\u00bb global_colors_info=\u00bb{}\u00bb][et_pb_column type=\u00bb4_4&#8243; _builder_version=\u00bb3.25&#8243; custom_padding=\u00bb|||\u00bb global_colors_info=\u00bb{}\u00bb custom_padding__hover=\u00bb|||\u00bb][et_pb_divider show_divider=\u00bboff\u00bb admin_label=\u00bbDivider20&#8243; _builder_version=\u00bb3.2&#8243; height=\u00bb20px\u00bb global_colors_info=\u00bb{}\u00bb]\u00a0[\/et_pb_divider][et_pb_text _builder_version=\u00bb4.9.0&#8243; text_font=\u00bb|600|||||||\u00bb text_line_height=\u00bb1.8em\u00bb text_orientation=\u00bbcenter\u00bb background_layout=\u00bbdark\u00bb global_colors_info=\u00bb{}\u00bb]<\/p>\n<p><span style=\"font-size: x-large; color: #dddddd;\">Bienvenido a Valdez &amp; Vilim, LLP. Nuestro bufete de abogados se dedica a brindar asesoramiento legal honesto y representaci\u00f3n estrat\u00e9gica en todas las \u00e1reas de la ley de inmigraci\u00f3n y nacionalidad de los EE. UU.<\/span><\/p>\n<p>[\/et_pb_text][et_pb_divider show_divider=\u00bboff\u00bb admin_label=\u00bbDivider20&#8243; _builder_version=\u00bb3.2&#8243; height=\u00bb20px\u00bb global_colors_info=\u00bb{}\u00bb]\u00a0[\/et_pb_divider][et_pb_divider show_divider=\u00bboff\u00bb disabled_on=\u00bboff|on|on\u00bb admin_label=\u00bbDivider100 No mobile\u00bb _builder_version=\u00bb3.2&#8243; height=\u00bb100px\u00bb global_colors_info=\u00bb{}\u00bb]\u00a0[\/et_pb_divider][et_pb_divider show_divider=\u00bboff\u00bb disabled_on=\u00bboff|on|on\u00bb admin_label=\u00bbDivider100 No mobile\u00bb _builder_version=\u00bb3.2&#8243; height=\u00bb100px\u00bb global_colors_info=\u00bb{}\u00bb]\u00a0[\/et_pb_divider][et_pb_cta title=\u00bbComience su viaje de inmigraci\u00f3n hoy con V&amp;V Law\u00bb button_url=\u00bbhttps:\/\/vvwlaw.com\/es\/contacto\/\u00bb button_text=\u00bbCont\u00e1ctenos\u00bb _builder_version=\u00bb4.9.0&#8243; header_font=\u00bb||||||||\u00bb header_letter_spacing=\u00bb1px\u00bb use_background_color=\u00bboff\u00bb custom_button=\u00bbon\u00bb button_text_size=\u00bb21px\u00bb button_bg_color=\u00bb#9d845d\u00bb button_border_width=\u00bb1px\u00bb button_border_color=\u00bb#9e7055&#8243; button_border_radius=\u00bb3px\u00bb button_letter_spacing=\u00bb1px\u00bb button_font=\u00bb||||||||\u00bb box_shadow_style_button=\u00bbpreset1&#8243; box_shadow_horizontal_button=\u00bb5px\u00bb text_shadow_style=\u00bbpreset1&#8243; text_shadow_blur_strength=\u00bb0.13em\u00bb global_colors_info=\u00bb{}\u00bb button_text_size__hover_enabled=\u00bboff\u00bb button_one_text_size__hover_enabled=\u00bboff\u00bb button_two_text_size__hover_enabled=\u00bboff\u00bb button_text_color__hover_enabled=\u00bboff\u00bb button_one_text_color__hover_enabled=\u00bboff\u00bb button_two_text_color__hover_enabled=\u00bboff\u00bb button_border_width__hover_enabled=\u00bboff\u00bb button_one_border_width__hover_enabled=\u00bboff\u00bb button_two_border_width__hover_enabled=\u00bboff\u00bb button_border_color__hover_enabled=\u00bboff\u00bb button_one_border_color__hover_enabled=\u00bboff\u00bb button_two_border_color__hover_enabled=\u00bboff\u00bb button_border_radius__hover_enabled=\u00bboff\u00bb button_one_border_radius__hover_enabled=\u00bboff\u00bb button_two_border_radius__hover_enabled=\u00bboff\u00bb button_letter_spacing__hover_enabled=\u00bboff\u00bb button_one_letter_spacing__hover_enabled=\u00bboff\u00bb button_two_letter_spacing__hover_enabled=\u00bboff\u00bb button_bg_color__hover_enabled=\u00bboff\u00bb button_one_bg_color__hover_enabled=\u00bboff\u00bb button_two_bg_color__hover_enabled=\u00bboff\u00bb][\/et_pb_cta][\/et_pb_column][\/et_pb_row][\/et_pb_section][et_pb_section fb_built=\u00bb1&#8243; _builder_version=\u00bb3.22&#8243; use_background_color_gradient=\u00bbon\u00bb background_color_gradient_start=\u00bb#0f0f0f\u00bb background_color_gradient_end=\u00bb#161616&#8243; background_color_gradient_start_position=\u00bb22%\u00bb custom_padding=\u00bb0px|0px|61px|0px\u00bb global_colors_info=\u00bb{}\u00bb][et_pb_row column_structure=\u00bb1_4,3_4&#8243; _builder_version=\u00bb3.25&#8243; global_colors_info=\u00bb{}\u00bb][et_pb_column type=\u00bb1_4&#8243; _builder_version=\u00bb3.25&#8243; custom_padding=\u00bb|||\u00bb global_colors_info=\u00bb{}\u00bb custom_padding__hover=\u00bb|||\u00bb][et_pb_image src=\u00bbhttps:\/\/vvwlaw.com\/wp-content\/uploads\/2017\/12\/VVW-logo350-e1518023500692.png\u00bb align=\u00bbcenter\u00bb align_tablet=\u00bbcenter\u00bb align_phone=\u00bb\u00bb align_last_edited=\u00bbon|desktop\u00bb _builder_version=\u00bb3.23&#8243; max_width=\u00bb62%\u00bb global_colors_info=\u00bb{}\u00bb]\u00a0[\/et_pb_image][\/et_pb_column][et_pb_column type=\u00bb3_4&#8243; _builder_version=\u00bb3.25&#8243; custom_padding=\u00bb|||\u00bb global_colors_info=\u00bb{}\u00bb custom_padding__hover=\u00bb|||\u00bb][et_pb_text _builder_version=\u00bb3.27.4&#8243; text_font=\u00bb||||||||\u00bb text_font_size=\u00bb16px\u00bb background_layout=\u00bbdark\u00bb global_colors_info=\u00bb{}\u00bb]<span style=\"font-weight: 400;\"><span style=\"font-size: small;\">Somos abogados de inmigraci\u00f3n ubicados en Chicago, Illinois, sirviendo a clientes en todo Estados Unidos. Representamos a individuos y familias en sus solicitudes de residencia permanente y ciudadan\u00eda, en procesos de deportaci\u00f3n y en casos de ayuda humanitaria. Para programar una consulta, llame al 312-414-0424 o haga clic <a href=\"contact\">aqu\u00ed<\/a> .<\/span> <\/span>[\/et_pb_text][\/et_pb_column][\/et_pb_row][et_pb_row _builder_version=\u00bb3.25&#8243; custom_padding=\u00bb0px|0px|0px|0px\u00bb global_colors_info=\u00bb{}\u00bb][et_pb_column type=\u00bb4_4&#8243; _builder_version=\u00bb3.25&#8243; custom_padding=\u00bb|||\u00bb global_colors_info=\u00bb{}\u00bb custom_padding__hover=\u00bb|||\u00bb][\/et_pb_column][\/et_pb_row][et_pb_row column_structure=\u00bb1_3,1_3,1_3&#8243; _builder_version=\u00bb3.25&#8243; animation_style=\u00bbfade\u00bb animation_duration=\u00bb1450ms\u00bb animation_delay=\u00bb100ms\u00bb animation_starting_opacity=\u00bb10%\u00bb global_colors_info=\u00bb{}\u00bb][et_pb_column type=\u00bb1_3&#8243; _builder_version=\u00bb3.25&#8243; custom_padding=\u00bb|||\u00bb global_colors_info=\u00bb{}\u00bb custom_padding__hover=\u00bb|||\u00bb][et_pb_blurb title=\u00bbAcerca de la Ley V&amp;V\u00bb url=\u00bbhttps:\/\/vvwlaw.com\/es\/acerca-de\/\u00bb use_icon=\u00bbon\u00bb font_icon=\u00bb&#xe0fd;||divi||400&#8243; icon_placement=\u00bbleft\u00bb _builder_version=\u00bb4.13.0&#8243; header_font=\u00bb||||||||\u00bb header_text_align=\u00bbcenter\u00bb header_font_size=\u00bb24px\u00bb text_orientation=\u00bbcenter\u00bb header_text_shadow_style=\u00bbpreset5&#8243; header_text_shadow_horizontal_length=\u00bb0.11em\u00bb header_text_shadow_blur_strength=\u00bb0.02em\u00bb global_colors_info=\u00bb{}\u00bb]<\/p>\n<p>Nuestros abogados se dedican a brindar asesoramiento legal honesto y representaci\u00f3n estrat\u00e9gica en todas las \u00e1reas de la ley de inmigraci\u00f3n y nacionalidad de los EE. UU.<a href=\"about\"> Conozca m\u00e1s sobre la Ley V&amp;V.<\/a><\/p>\n<p>[\/et_pb_blurb][\/et_pb_column][et_pb_column type=\u00bb1_3&#8243; _builder_version=\u00bb3.25&#8243; custom_padding=\u00bb|||\u00bb global_colors_info=\u00bb{}\u00bb custom_padding__hover=\u00bb|||\u00bb][et_pb_blurb title=\u00bbServicios ofrecidos\u00bb url=\u00bbhttps:\/\/vvwlaw.com\/es\/servicios\/\u00bb use_icon=\u00bbon\u00bb font_icon=\u00bb&#x69;||divi||400&#8243; icon_placement=\u00bbleft\u00bb content_max_width=\u00bb380px\u00bb _builder_version=\u00bb4.13.0&#8243; header_font=\u00bb||||||||\u00bb header_text_align=\u00bbcenter\u00bb header_font_size=\u00bb24px\u00bb text_orientation=\u00bbcenter\u00bb header_text_shadow_style=\u00bbpreset5&#8243; header_text_shadow_horizontal_length=\u00bb0.11em\u00bb header_text_shadow_blur_strength=\u00bb0.02em\u00bb global_colors_info=\u00bb{}\u00bb]Representamos a individuos y familias en sus solicitudes de residencia permanente y ciudadan\u00eda, en procesos de deportaci\u00f3n y en casos de ayuda humanitaria. Obtenga m\u00e1s informaci\u00f3n sobre <a href=\"https:\/\/vvwlaw.com\/es\/servicios\/\">nuestros servicios<\/a> .[\/et_pb_blurb][\/et_pb_column][et_pb_column type=\u00bb1_3&#8243; _builder_version=\u00bb3.25&#8243; custom_padding=\u00bb|||\u00bb global_colors_info=\u00bb{}\u00bb custom_padding__hover=\u00bb|||\u00bb][et_pb_blurb title=\u00bbCont\u00e1ctenos\u00bb url=\u00bbhttps:\/\/vvwlaw.com\/es\/contacto\/\u00bb use_icon=\u00bbon\u00bb font_icon=\u00bb&#xe090;||divi||400&#8243; icon_placement=\u00bbleft\u00bb _builder_version=\u00bb4.13.0&#8243; header_font=\u00bb||||||||\u00bb header_text_align=\u00bbcenter\u00bb header_font_size=\u00bb24px\u00bb text_orientation=\u00bbcenter\u00bb header_text_shadow_style=\u00bbpreset5&#8243; header_text_shadow_horizontal_length=\u00bb0.11em\u00bb header_text_shadow_blur_strength=\u00bb0.02em\u00bb global_colors_info=\u00bb{}\u00bb]Esperamos poder hablar con usted sobre sus asuntos de inmigraci\u00f3n. Llame al 312-414-0424 o <a href=\"https:\/\/vvwlaw.com\/es\/contacto\/\">haga clic aqu\u00ed<\/a> para contactarnos.[\/et_pb_blurb][\/et_pb_column][\/et_pb_row][\/et_pb_section][et_pb_section fb_built=\u00bb1&#8243; _builder_version=\u00bb3.22&#8243; use_background_color_gradient=\u00bbon\u00bb background_color_gradient_start=\u00bb#9d845d\u00bb background_color_gradient_end=\u00bb#9e7d4b\u00bb custom_padding=\u00bb0px|0px|0px|0px\u00bb global_colors_info=\u00bb{}\u00bb][et_pb_row _builder_version=\u00bb3.25&#8243; custom_padding=\u00bb30px|0px|20px|0px\u00bb global_colors_info=\u00bb{}\u00bb][et_pb_column type=\u00bb4_4&#8243; _builder_version=\u00bb3.25&#8243; custom_padding=\u00bb|||\u00bb global_colors_info=\u00bb{}\u00bb custom_padding__hover=\u00bb|||\u00bb][et_pb_text _builder_version=\u00bb4.14.7&#8243; text_font=\u00bb||||||||\u00bb text_font_size=\u00bb29px\u00bb background_layout=\u00bbdark\u00bb global_colors_info=\u00bb{}\u00bb]<\/p>\n<p style=\"text-align: center;\">Nuestros Abogados<\/p>\n<p>[\/et_pb_text][\/et_pb_column][\/et_pb_row][et_pb_row column_structure=\u00bb1_2,1_2&#8243; _builder_version=\u00bb4.14.7&#8243; global_colors_info=\u00bb{}\u00bb][et_pb_column type=\u00bb1_2&#8243; _builder_version=\u00bb3.25&#8243; custom_padding=\u00bb|||\u00bb global_colors_info=\u00bb{}\u00bb custom_padding__hover=\u00bb|||\u00bb][et_pb_team_member name=\u00bbGiovanna Valdez\u00bb position=\u00bbSocio Fundador | Abogado \u00bb image_url=\u00bbhttps:\/\/vvwlaw.com\/wp-content\/uploads\/2022\/05\/giovanna.png\u00bb _builder_version=\u00bb4.14.7&#8243; _dynamic_attributes=\u00bblink_option_url\u00bb header_font=\u00bb|700|||||||\u00bb header_text_align=\u00bbcenter\u00bb header_text_color=\u00bb#ffffff\u00bb body_text_align=\u00bbcenter\u00bb body_text_color=\u00bb#ffffff\u00bb body_font_size=\u00bb15px\u00bb text_orientation=\u00bbcenter\u00bb background_layout=\u00bbdark\u00bb module_alignment=\u00bbcenter\u00bb link_option_url=\u00bb@ET-DC@eyJkeW5hbWljIjp0cnVlLCJjb250ZW50IjoicG9zdF9saW5rX3VybF9wYWdlIiwic2V0dGluZ3MiOnsicG9zdF9pZCI6IjQ3OSJ9fQ==@\u00bb hover_enabled=\u00bb0&#8243; custom_css_member_image=\u00bbmargin: auto;||padding-bottom: 5px;\u00bb global_colors_info=\u00bb{}\u00bb sticky_enabled=\u00bb0&#8243; alt=\u00bbGiovanna Valdez sitting at a desk, hands folded.\u00bb title_text=\u00bbGiovanna Valdez\u00bb][\/et_pb_team_member][\/et_pb_column][et_pb_column type=\u00bb1_2&#8243; _builder_version=\u00bb3.25&#8243; custom_padding=\u00bb|||\u00bb global_colors_info=\u00bb{}\u00bb custom_padding__hover=\u00bb|||\u00bb][et_pb_team_member name=\u00bbLaura Vilim\u00bb position=\u00bbSocio Fundador | Abogado \u00bb image_url=\u00bbhttps:\/\/vvwlaw.com\/wp-content\/uploads\/2022\/05\/laura.png\u00bb _builder_version=\u00bb4.14.7&#8243; _dynamic_attributes=\u00bblink_option_url\u00bb header_font=\u00bb|700|||||||\u00bb header_text_align=\u00bbcenter\u00bb header_text_color=\u00bb#ffffff\u00bb body_text_align=\u00bbcenter\u00bb body_text_color=\u00bb#ffffff\u00bb body_font_size=\u00bb15px\u00bb text_orientation=\u00bbcenter\u00bb background_layout=\u00bbdark\u00bb module_alignment=\u00bbcenter\u00bb link_option_url=\u00bb@ET-DC@eyJkeW5hbWljIjp0cnVlLCJjb250ZW50IjoicG9zdF9saW5rX3VybF9wYWdlIiwic2V0dGluZ3MiOnsicG9zdF9pZCI6IjUwMSJ9fQ==@\u00bb hover_enabled=\u00bb0&#8243; custom_css_member_image=\u00bbmargin: auto;||padding-bottom: 5px;\u00bb global_colors_info=\u00bb{}\u00bb alt=\u00bbLaura Vilim sitting at a desk\u00bb title_text=\u00bblaura\u00bb sticky_enabled=\u00bb0&#8243;][\/et_pb_team_member][\/et_pb_column][\/et_pb_row][\/et_pb_section]<\/p>\n","protected":false},"excerpt":{"rendered":"<p>\u00a0Bienvenido a Valdez &amp; Vilim, LLP. Nuestro bufete de abogados se dedica a brindar asesoramiento legal honesto y representaci\u00f3n estrat\u00e9gica en todas las \u00e1reas de la ley de inmigraci\u00f3n y nacionalidad de los EE. UU.\u00a0\u00a0\u00a0\u00a0Somos abogados de inmigraci\u00f3n ubicados en Chicago, Illinois, sirviendo a clientes en todo Estados Unidos. Representamos a individuos y familias en [&hellip;]<\/p>\n","protected":false},"author":1,"featured_media":0,"parent":0,"menu_order":0,"comment_status":"closed","ping_status":"closed","template":"","meta":{"_et_pb_use_builder":"on","_et_pb_old_content":"","_et_gb_content_width":"","_exactmetrics_skip_tracking":false,"_exactmetrics_sitenote_active":false,"_exactmetrics_sitenote_note":"","_exactmetrics_sitenote_category":0,"footnotes":""},"class_list":["post-576","page","type-page","status-publish","hentry"],"_links":{"self":[{"href":"https:\/\/vvwlaw.com\/es\/wp-json\/wp\/v2\/pages\/576","targetHints":{"allow":["GET"]}}],"collection":[{"href":"https:\/\/vvwlaw.com\/es\/wp-json\/wp\/v2\/pages"}],"about":[{"href":"https:\/\/vvwlaw.com\/es\/wp-json\/wp\/v2\/types\/page"}],"author":[{"embeddable":true,"href":"https:\/\/vvwlaw.com\/es\/wp-json\/wp\/v2\/users\/1"}],"replies":[{"embeddable":true,"href":"https:\/\/vvwlaw.com\/es\/wp-json\/wp\/v2\/comments?post=576"}],"version-history":[{"count":65,"href":"https:\/\/vvwlaw.com\/es\/wp-json\/wp\/v2\/pages\/576\/revisions"}],"predecessor-version":[{"id":804,"href":"https:\/\/vvwlaw.com\/es\/wp-json\/wp\/v2\/pages\/576\/revisions\/804"}],"wp:attachment":[{"href":"https:\/\/vvwlaw.com\/es\/wp-json\/wp\/v2\/media?parent=576"}],"curies":[{"name":"wp","href":"https:\/\/api.w.org\/{rel}","templated":true}]}}