{"id":710,"date":"2022-01-14T22:54:25","date_gmt":"2022-01-14T22:54:25","guid":{"rendered":"https:\/\/vvwlaw.com\/acerca-de-personal-de-apoyo\/"},"modified":"2025-11-22T00:05:56","modified_gmt":"2025-11-22T00:05:56","slug":"acerca-de-personal-de-apoyo","status":"publish","type":"page","link":"https:\/\/vvwlaw.com\/es\/acerca-de-personal-de-apoyo\/","title":{"rendered":"Acerca de Personal de apoyo"},"content":{"rendered":"<p>[et_pb_section fb_built=\u00bb1&#8243; _builder_version=\u00bb4.16&#8243; _module_preset=\u00bbdefault\u00bb use_background_color_gradient=\u00bbon\u00bb background_color_gradient_stops=\u00bbrgba(12,12,12,0.69) 0%|rgba(17,17,17,0.9) 100%\u00bb background_color_gradient_start=\u00bbrgba(12,12,12,0.69)\u00bb background_color_gradient_end=\u00bbrgba(17,17,17,0.9)\u00bb global_colors_info=\u00bb{}\u00bb][et_pb_row _builder_version=\u00bb4.16&#8243; _module_preset=\u00bbdefault\u00bb global_colors_info=\u00bb{}\u00bb][et_pb_column type=\u00bb4_4&#8243; _builder_version=\u00bb4.16&#8243; _module_preset=\u00bbdefault\u00bb global_colors_info=\u00bb{}\u00bb][et_pb_text _builder_version=\u00bb4.16&#8243; _module_preset=\u00bbdefault\u00bb global_colors_info=\u00bb{}\u00bb]<\/p>\n<h3 style=\"text-align: center;\"><span style=\"color: #ffffff;\"><strong>Personal de apoyo<br \/><\/strong><\/span><\/h3>\n<p>[\/et_pb_text][\/et_pb_column][\/et_pb_row][\/et_pb_section][et_pb_section fb_built=\u00bb1&#8243; admin_label=\u00bblindsay section\u00bb module_id=\u00bbjumptolw\u00bb _builder_version=\u00bb4.16&#8243; custom_padding=\u00bb0|0px|56.3906px|0px|false|false\u00bb global_colors_info=\u00bb{}\u00bb][et_pb_row column_structure=\u00bb1_4,3_4&#8243; admin_label=\u00bbLindsay row\u00bb _builder_version=\u00bb4.16&#8243; custom_padding=\u00bb50px|0px|28.1875px|0px|false|false\u00bb global_colors_info=\u00bb{}\u00bb][et_pb_column type=\u00bb1_4&#8243; _builder_version=\u00bb4.16&#8243; custom_padding=\u00bb|||\u00bb global_colors_info=\u00bb{}\u00bb custom_padding__hover=\u00bb|||\u00bb][et_pb_team_member name=\u00bbAngelica Antunez\u00bb position=\u00bbAsistente legal senior\u00bb image_url=\u00bbhttps:\/\/vvwlaw.com\/wp-content\/uploads\/2024\/09\/Angie-Antunez-Website-Photo-scaled.jpg\u00bb _builder_version=\u00bb4.27.0&#8243; header_font=\u00bb|600|||||||\u00bb header_text_align=\u00bbcenter\u00bb header_text_color=\u00bb#262626&#8243; header_font_size=\u00bb17px\u00bb body_font=\u00bb||||||||\u00bb body_text_align=\u00bbcenter\u00bb body_text_color=\u00bb#333333&#8243; body_font_size=\u00bb15px\u00bb module_alignment=\u00bbcenter\u00bb custom_margin=\u00bb|||\u00bb custom_padding=\u00bb11px|||\u00bb global_colors_info=\u00bb{}\u00bb][\/et_pb_team_member][et_pb_text _builder_version=\u00bb4.16&#8243; custom_margin=\u00bb-25px|||\u00bb global_colors_info=\u00bb{}\u00bb]<\/p>\n<p style=\"text-align: center;\"><a href=\"mailto:mocon@vvwlaw.com\"><span style=\"font-weight: 400;\">aantunez@vvwlaw.com<\/span><\/a><\/p>\n<p>[\/et_pb_text][\/et_pb_column][et_pb_column type=\u00bb3_4&#8243; _builder_version=\u00bb4.16&#8243; custom_padding=\u00bb|||\u00bb global_colors_info=\u00bb{}\u00bb custom_padding__hover=\u00bb|||\u00bb][et_pb_text _builder_version=\u00bb4.16&#8243; global_colors_info=\u00bb{}\u00bb]<\/p>\n<p><span style=\"font-weight: 400;\"><strong>Angie Antunez<\/strong> es la asistente legal senior de inmigraci\u00f3n en Valdez &amp; Vilim, LLP. Ella asisti\u00f3 a la Universidad Estatal de Truman donde estudi\u00f3 Psicolog\u00eda. Ella ha trabajado en asuntos de inmigraci\u00f3n desde 2008 y tiene experiencia en procedimientos de deportacion, casos de procesamiento consular, visas de prometido, visas U, ajuste de estatus y casos de ciudadan\u00eda. Como inmigrante mexicana, ella puede relacionarse de primera mano con las dificultades de muchas familias inmigrantes y es muy apasionada y dedicada a su trabajo. Tambi\u00e9n es biling\u00fce en ingl\u00e9s y espa\u00f1ol.<\/span><\/p>\n<p>[\/et_pb_text][\/et_pb_column][\/et_pb_row][et_pb_row column_structure=\u00bb1_4,3_4&#8243; admin_label=\u00bbLindsay row\u00bb _builder_version=\u00bb4.16&#8243; custom_padding=\u00bb50px|0px|28.1875px|0px|false|false\u00bb global_colors_info=\u00bb{}\u00bb][et_pb_column type=\u00bb1_4&#8243; _builder_version=\u00bb4.16&#8243; custom_padding=\u00bb|||\u00bb global_colors_info=\u00bb{}\u00bb custom_padding__hover=\u00bb|||\u00bb][et_pb_team_member name=\u00bbAreli Acevedo\u00bb position=\u00bbAsistente legal\u00bb image_url=\u00bbhttps:\/\/vvwlaw.com\/wp-content\/uploads\/2024\/09\/Areli-Acevedo-Website-Pic-Custom.jpg\u00bb _builder_version=\u00bb4.27.0&#8243; header_font=\u00bb|600|||||||\u00bb header_text_align=\u00bbcenter\u00bb header_text_color=\u00bb#262626&#8243; header_font_size=\u00bb17px\u00bb body_font=\u00bb||||||||\u00bb body_text_align=\u00bbcenter\u00bb body_text_color=\u00bb#333333&#8243; body_font_size=\u00bb15px\u00bb module_alignment=\u00bbcenter\u00bb custom_margin=\u00bb|||\u00bb custom_padding=\u00bb11px|||\u00bb global_colors_info=\u00bb{}\u00bb][\/et_pb_team_member][et_pb_text _builder_version=\u00bb4.16&#8243; custom_margin=\u00bb-25px|||\u00bb global_colors_info=\u00bb{}\u00bb]<\/p>\n<p style=\"text-align: center;\"><a href=\"mailto:aacevedo@vvwlaw.com\">aacevedo@vvwlaw.com<\/a><\/p>\n<p>[\/et_pb_text][\/et_pb_column][et_pb_column type=\u00bb3_4&#8243; _builder_version=\u00bb4.16&#8243; custom_padding=\u00bb|||\u00bb global_colors_info=\u00bb{}\u00bb custom_padding__hover=\u00bb|||\u00bb][et_pb_text _builder_version=\u00bb4.27.0&#8243; global_colors_info=\u00bb{}\u00bb]<\/p>\n<p><strong>Areli Acevedo<\/strong> es asistente legal de inmigraci\u00f3n en Valdez &amp; Vilim, LLP. Se licenci\u00f3 en la Universidad de Illinois en Chicago, donde estudi\u00f3 criminolog\u00eda y sociolog\u00eda. Ha trabajado en asuntos de inmigraci\u00f3n desde 2019 en el \u00e1rea de Chicago. Areli tiene experiencia en procedimientos de expulsi\u00f3n, visados U, asilo, ajuste de estatus basado en la familia y otras ayudas humanitarias. Como mexicoamericana de primera generaci\u00f3n, Areli comprende la realidad de muchas familias y est\u00e1 orgullosa del trabajo que realiza para sus clientes. Areli habla espa\u00f1ol con fluidez  <\/p>\n<p>[\/et_pb_text][\/et_pb_column][\/et_pb_row][et_pb_row column_structure=\u00bb1_4,3_4&#8243; admin_label=\u00bbLindsay row\u00bb _builder_version=\u00bb4.16&#8243; custom_padding=\u00bb50px|0px|28.1875px|0px|false|false\u00bb locked=\u00bboff\u00bb global_colors_info=\u00bb{}\u00bb][et_pb_column type=\u00bb1_4&#8243; _builder_version=\u00bb4.16&#8243; custom_padding=\u00bb|||\u00bb global_colors_info=\u00bb{}\u00bb custom_padding__hover=\u00bb|||\u00bb][et_pb_team_member name=\u00bbDenise Estrada\u00bb position=\u00bbAsistente legal\u00bb image_url=\u00bbhttps:\/\/vvwlaw.com\/wp-content\/uploads\/2024\/09\/Denise-Estrada-Werbsite-Pic-Custom.jpg\u00bb _builder_version=\u00bb4.27.0&#8243; header_font=\u00bb|600|||||||\u00bb header_text_align=\u00bbcenter\u00bb header_text_color=\u00bb#262626&#8243; header_font_size=\u00bb17px\u00bb body_font=\u00bb||||||||\u00bb body_text_align=\u00bbcenter\u00bb body_text_color=\u00bb#333333&#8243; body_font_size=\u00bb15px\u00bb module_alignment=\u00bbcenter\u00bb custom_margin=\u00bb|||\u00bb custom_padding=\u00bb11px|||\u00bb global_colors_info=\u00bb{}\u00bb][\/et_pb_team_member][et_pb_text _builder_version=\u00bb4.27.0&#8243; custom_margin=\u00bb-25px|||\u00bb global_colors_info=\u00bb{}\u00bb]<\/p>\n<p style=\"text-align: center;\"><a href=\"mailto:destrada@vvwlaw.com\">destrada@vvwlaw.com<\/a><\/p>\n<p>[\/et_pb_text][\/et_pb_column][et_pb_column type=\u00bb3_4&#8243; _builder_version=\u00bb4.16&#8243; custom_padding=\u00bb|||\u00bb global_colors_info=\u00bb{}\u00bb custom_padding__hover=\u00bb|||\u00bb][et_pb_text _builder_version=\u00bb4.27.0&#8243; global_colors_info=\u00bb{}\u00bb]<\/p>\n<p><strong>Denise Estrada<\/strong> es Paralegal de Inmigraci\u00f3n en Valdez &amp; Vilim, LLP. Se gradu\u00f3 en la Universidad de Illinois en Chicago con una doble licenciatura en Sociolog\u00eda y Criminolog\u00eda. Ella ha estado trabajando en la inmigraci\u00f3n basada en la familia desde 2020, ella ayuda a los clientes en diversos asuntos, tales como Procesamiento Consular, Libertad Condicional Avanzada, renovaciones de DACA, Estatus de Protecci\u00f3n Temporal (TPS) y ahora Procedimientos de Remoci\u00f3n. Ella maneja cada caso con enfoque y compasi\u00f3n, ella cree que el trabajo que est\u00e1 haciendo para ayudar a la comunidad inmigrante es significativo. Denise habla ingl\u00e9s y espa\u00f1ol con fluidez. Cuando no est\u00e1 trabajando, le gusta leer, viajar e ir a conciertos.       <\/p>\n<p>[\/et_pb_text][\/et_pb_column][\/et_pb_row][et_pb_row column_structure=\u00bb1_4,3_4&#8243; admin_label=\u00bbLindsay row\u00bb _builder_version=\u00bb4.16&#8243; custom_padding=\u00bb50px|0px|28.1875px|0px|false|false\u00bb locked=\u00bboff\u00bb global_colors_info=\u00bb{}\u00bb][et_pb_column type=\u00bb1_4&#8243; _builder_version=\u00bb4.16&#8243; custom_padding=\u00bb|||\u00bb global_colors_info=\u00bb{}\u00bb custom_padding__hover=\u00bb|||\u00bb][et_pb_team_member name=\u00bbLizette Gaucin\u00bb position=\u00bbAsistente Administrativa\u00bb image_url=\u00bbhttps:\/\/vvwlaw.com\/wp-content\/uploads\/2024\/09\/Lizette-Gaucin-Bio-Pic-Custom.jpg\u00bb _builder_version=\u00bb4.27.0&#8243; header_font=\u00bb|600|||||||\u00bb header_text_align=\u00bbcenter\u00bb header_text_color=\u00bb#262626&#8243; header_font_size=\u00bb17px\u00bb body_font=\u00bb||||||||\u00bb body_text_align=\u00bbcenter\u00bb body_text_color=\u00bb#333333&#8243; body_font_size=\u00bb15px\u00bb module_alignment=\u00bbcenter\u00bb custom_margin=\u00bb|||\u00bb custom_padding=\u00bb11px|||\u00bb global_colors_info=\u00bb{}\u00bb][\/et_pb_team_member][et_pb_text _builder_version=\u00bb4.27.0&#8243; custom_margin=\u00bb-25px|||\u00bb global_colors_info=\u00bb{}\u00bb]<\/p>\n<p style=\"text-align: center;\"><a href=\"mailto:lgaucin@vvwlaw.com@vvwlaw.com\">lgaucin@vvwlaw.com<\/a><\/p>\n<p>[\/et_pb_text][\/et_pb_column][et_pb_column type=\u00bb3_4&#8243; _builder_version=\u00bb4.16&#8243; custom_padding=\u00bb|||\u00bb global_colors_info=\u00bb{}\u00bb custom_padding__hover=\u00bb|||\u00bb][et_pb_text _builder_version=\u00bb4.27.0&#8243; global_colors_info=\u00bb{}\u00bb]<\/p>\n<p><strong>Lizette Gaucin<\/strong> es una Asistente Administrativa biling\u00fce en Valdez &amp; Vilim LLP. Antes de unirse a Valdez &amp; Vilim LLP, trabaj\u00f3 como agente de ventas en una agencia de seguros de autom\u00f3viles durante aproximadamente dos a\u00f1os. Ha trabajado en el campo de servicio al cliente por m\u00e1s de 3 a\u00f1os, Lizette es de ascendencia mexicana y habla espa\u00f1ol e ingl\u00e9s con fluidez. Le gusta ayudar a los dem\u00e1s y aprender cosas nuevas.   <\/p>\n<p>[\/et_pb_text][\/et_pb_column][\/et_pb_row][et_pb_row column_structure=\u00bb1_4,3_4&#8243; admin_label=\u00bbLindsay row\u00bb _builder_version=\u00bb4.16&#8243; custom_padding=\u00bb50px|0px|28.1875px|0px|false|false\u00bb locked=\u00bboff\u00bb global_colors_info=\u00bb{}\u00bb][et_pb_column type=\u00bb1_4&#8243; _builder_version=\u00bb4.16&#8243; custom_padding=\u00bb|||\u00bb global_colors_info=\u00bb{}\u00bb custom_padding__hover=\u00bb|||\u00bb][et_pb_team_member name=\u00bbMaribel Jimenez\u00bb position=\u00bbAsistente legal\u00bb image_url=\u00bbhttps:\/\/vvwlaw.com\/wp-content\/uploads\/2024\/09\/Maribel-Jimenez-Bio-Pic-Custom.jpg\u00bb _builder_version=\u00bb4.27.0&#8243; header_font=\u00bb|600|||||||\u00bb header_text_align=\u00bbcenter\u00bb header_text_color=\u00bb#262626&#8243; header_font_size=\u00bb17px\u00bb body_font=\u00bb||||||||\u00bb body_text_align=\u00bbcenter\u00bb body_text_color=\u00bb#333333&#8243; body_font_size=\u00bb15px\u00bb module_alignment=\u00bbcenter\u00bb custom_margin=\u00bb|||\u00bb custom_padding=\u00bb11px|||\u00bb global_colors_info=\u00bb{}\u00bb][\/et_pb_team_member][et_pb_text _builder_version=\u00bb4.16&#8243; custom_margin=\u00bb-25px|||\u00bb global_colors_info=\u00bb{}\u00bb]<\/p>\n<p style=\"text-align: center;\"><a href=\"mailto:mjimenez@vvwlaw.com\">mjimenez@vvwlaw.com<\/a><\/p>\n<p>[\/et_pb_text][\/et_pb_column][et_pb_column type=\u00bb3_4&#8243; _builder_version=\u00bb4.16&#8243; custom_padding=\u00bb|||\u00bb global_colors_info=\u00bb{}\u00bb custom_padding__hover=\u00bb|||\u00bb][et_pb_text _builder_version=\u00bb4.27.0&#8243; global_colors_info=\u00bb{}\u00bb]<\/p>\n<p><strong>Maribel Jim\u00e9nez<\/strong> es asistente jur\u00eddica biling\u00fce de inmigraci\u00f3n en Valdez &amp; Vilim LLP. Antes de unirse a Valdez &amp; Vilim LLP, trabaj\u00f3 como asistente administrativa en un bufete de abogados de inmigraci\u00f3n de Chicago durante aproximadamente tres a\u00f1os. Maribel empez\u00f3 como auxiliar administrativa en Valdez y Vilim, pero desde entonces ha pasado a ser asistente jur\u00eddica. Maribel es de ascendencia mexicana y habla ingl\u00e9s y espa\u00f1ol con fluidez. Le gusta poder ayudar a los dem\u00e1s y trabajar en un campo que le parece interesante.<\/p>\n<p>[\/et_pb_text][\/et_pb_column][\/et_pb_row][et_pb_row column_structure=\u00bb1_4,3_4&#8243; admin_label=\u00bbLindsay row\u00bb _builder_version=\u00bb4.16&#8243; custom_padding=\u00bb50px|0px|28.1875px|0px|false|false\u00bb global_colors_info=\u00bb{}\u00bb][et_pb_column type=\u00bb1_4&#8243; _builder_version=\u00bb4.16&#8243; custom_padding=\u00bb|||\u00bb global_colors_info=\u00bb{}\u00bb custom_padding__hover=\u00bb|||\u00bb][et_pb_team_member name=\u00bbGuadalupe Lozano \u00bb position=\u00bbAsistente legal\u00bb image_url=\u00bbhttps:\/\/vvwlaw.com\/wp-content\/uploads\/2024\/09\/Lupe-Lozano-Website-Pic-Custom.jpg\u00bb _builder_version=\u00bb4.27.0&#8243; header_font=\u00bb|600|||||||\u00bb header_text_align=\u00bbcenter\u00bb header_text_color=\u00bb#262626&#8243; header_font_size=\u00bb17px\u00bb body_font=\u00bb||||||||\u00bb body_text_align=\u00bbcenter\u00bb body_text_color=\u00bb#333333&#8243; body_font_size=\u00bb15px\u00bb module_alignment=\u00bbcenter\u00bb custom_margin=\u00bb|||\u00bb custom_padding=\u00bb11px|||\u00bb global_colors_info=\u00bb{}\u00bb][\/et_pb_team_member][et_pb_text _builder_version=\u00bb4.16&#8243; custom_margin=\u00bb-25px|||\u00bb global_colors_info=\u00bb{}\u00bb]<\/p>\n<p style=\"text-align: center;\"><a href=\"mailto:glozano@vvwlaw.com\">glozano@vvwlaw.com<\/a><\/p>\n<p>[\/et_pb_text][\/et_pb_column][et_pb_column type=\u00bb3_4&#8243; _builder_version=\u00bb4.16&#8243; custom_padding=\u00bb|||\u00bb global_colors_info=\u00bb{}\u00bb custom_padding__hover=\u00bb|||\u00bb][et_pb_text _builder_version=\u00bb4.27.0&#8243; global_colors_info=\u00bb{}\u00bb]<\/p>\n<p><strong>Guadalupe \u201cLupe\u201d Lozano<\/strong> es una asistente legal en el bufete de Valdez y Vilim, LLP. Ella ha trabajado como una asistente legal desde el a\u00f1o 2018. Lupe tiene experiencia trabajando en casos como ajuste de estatus, proceso consular, visas U, VAWA, remover condiciones, y ciudadan\u00eda. Ella habla espa\u00f1ol y tiene experiencia en traducciones de documentos y come interprete. Ella es muy apasionada del trabajo que hace, especialmente en ayudar a la gente.<\/p>\n<p>[\/et_pb_text][\/et_pb_column][\/et_pb_row][\/et_pb_section]<\/p>\n","protected":false},"excerpt":{"rendered":"<p>Acerca de nuestro personal de apoyo<\/p>\n","protected":false},"author":1,"featured_media":0,"parent":0,"menu_order":0,"comment_status":"closed","ping_status":"closed","template":"","meta":{"_et_pb_use_builder":"on","_et_pb_old_content":"","_et_gb_content_width":"","_exactmetrics_skip_tracking":false,"_exactmetrics_sitenote_active":false,"_exactmetrics_sitenote_note":"","_exactmetrics_sitenote_category":0,"footnotes":""},"class_list":["post-710","page","type-page","status-publish","hentry"],"_links":{"self":[{"href":"https:\/\/vvwlaw.com\/es\/wp-json\/wp\/v2\/pages\/710","targetHints":{"allow":["GET"]}}],"collection":[{"href":"https:\/\/vvwlaw.com\/es\/wp-json\/wp\/v2\/pages"}],"about":[{"href":"https:\/\/vvwlaw.com\/es\/wp-json\/wp\/v2\/types\/page"}],"author":[{"embeddable":true,"href":"https:\/\/vvwlaw.com\/es\/wp-json\/wp\/v2\/users\/1"}],"replies":[{"embeddable":true,"href":"https:\/\/vvwlaw.com\/es\/wp-json\/wp\/v2\/comments?post=710"}],"version-history":[{"count":41,"href":"https:\/\/vvwlaw.com\/es\/wp-json\/wp\/v2\/pages\/710\/revisions"}],"predecessor-version":[{"id":957,"href":"https:\/\/vvwlaw.com\/es\/wp-json\/wp\/v2\/pages\/710\/revisions\/957"}],"wp:attachment":[{"href":"https:\/\/vvwlaw.com\/es\/wp-json\/wp\/v2\/media?parent=710"}],"curies":[{"name":"wp","href":"https:\/\/api.w.org\/{rel}","templated":true}]}}